{"id":2412,"date":"2023-07-28T11:44:31","date_gmt":"2023-07-28T16:44:31","guid":{"rendered":"https:\/\/www.transitopopayan.com.co\/contenidos\/?page_id=2412"},"modified":"2024-12-31T09:42:40","modified_gmt":"2024-12-31T14:42:40","slug":"contactenos","status":"publish","type":"page","link":"https:\/\/www.transitopopayan.com.co\/contenidos\/contactenos\/","title":{"rendered":"Cont\u00e1ctenos"},"content":{"rendered":"<p>[vc_row full_width=&#8221;stretch_row_content_no_spaces&#8221; bg_type=&#8221;image&#8221; parallax_style=&#8221;vcpb-default&#8221; bg_image_new=&#8221;id^2443|url^https:\/\/www.transitopopayan.com.co\/contenidos\/wp-content\/uploads\/2023\/07\/sedes-horarios.png|caption^null|alt^null|title^sedes-horarios|description^null&#8221; bg_image_repeat=&#8221;no-repeat&#8221; canvas=&#8221;%5B%7B%22element%22%3A%22image%22%2C%22shape%22%3A%22shape-1%22%2C%22image_effect%22%3A%22style-1%22%2C%22smoothness%22%3A%2230%22%7D%5D&#8221; css=&#8221;.vc_custom_1690577559027{margin-bottom: 0px !important;padding-top: 100px !important;padding-bottom: 100px !important;background-image: url(https:\/\/www.transitopopayan.com.co\/contenidos\/wp-content\/uploads\/2023\/07\/sedes-horarios.png?id=2443) !important;background-position: center !important;background-repeat: no-repeat !important;background-size: contain !important;}&#8221;][vc_column][vc_row_inner][vc_column_inner width=&#8221;1\/6&#8243;][\/vc_column_inner][vc_column_inner width=&#8221;2\/3&#8243;][vc_custom_heading text=&#8221;Sedes y horarios de atenci\u00f3n&#8221; font_container=&#8221;tag:h1|font_size:60px|text_align:center|color:%23ffffff|line_height:64px&#8221; use_theme_fonts=&#8221;yes&#8221;][vc_custom_heading text=&#8221;Estamos disponibles para brindarte el mejor servicio y ayudarte a solucionar todas tus inquietudes.&#8221; font_container=&#8221;tag:div|font_size:24px|text_align:center|color:%23ffffff|line_height:28px&#8221; use_theme_fonts=&#8221;yes&#8221;][\/vc_column_inner][vc_column_inner width=&#8221;1\/6&#8243;][\/vc_column_inner][\/vc_row_inner][\/vc_column][\/vc_row][vc_row full_width=&#8221;stretch_row&#8221;][vc_column][vc_tta_tabs section_title_tag=&#8221;h3&#8243; spacing=&#8221;3&#8243; gap=&#8221;1&#8243; active_section=&#8221;1&#8243;][vc_tta_section title=&#8221;Secr. de Tr\u00e1nsito y Transporte Popay\u00e1n&#8221; tab_id=&#8221;1697744396826-9d88cda8-77e7&#8243;][vc_empty_space height=&#8221;15px&#8221;][vc_row_inner][vc_column_inner width=&#8221;1\/2&#8243;][vc_column_text]<\/p>\n<div class=\"description\">\n<div class=\"wpb_text_column wpb_content_element \">\n<div class=\"wpb_wrapper\">\n<div>\n<h3><i class=\"fa fa-map-marker\" title=\"Copy to use map-marker\" aria-hidden=\"true\"><\/i>\u00a0Secretar\u00eda de Tr\u00e1nsito y Transporte Popay\u00e1n<\/h3>\n<div class=\"description\"><strong>Direcci\u00f3n<\/strong><\/div>\n<div class=\"description\">Carrera 2 C No. 25 Norte. Salida al Huila, V\u00eda Pomona<\/div>\n<div><\/div>\n<\/div>\n<div class=\"description\">\n<div class=\"wpb_text_column wpb_content_element \">\n<div class=\"wpb_wrapper\">\n<div class=\"description\"><strong>Horarios<\/strong><\/div>\n<div class=\"description\">Lunes a Viernes desde las 8:00 a.m. hasta las 4:50 p.m.<\/div>\n<div>\n<div>S\u00e1bados: No hay atenci\u00f3n.<\/div>\n<\/div>\n<\/div>\n<\/div>\n<\/div>\n<\/div>\n<\/div>\n<\/div>\n<p>[\/vc_column_text][vc_btn title=&#8221;\u00bfC\u00f3mo llegar?&#8221; style=&#8221;outline-custom&#8221; outline_custom_color=&#8221;#20609b&#8221; outline_custom_hover_background=&#8221;#20609b&#8221; outline_custom_hover_text=&#8221;#ffffff&#8221; size=&#8221;sm&#8221; align=&#8221;left&#8221; i_icon_fontawesome=&#8221;fas fa-map-marked-alt&#8221; add_icon=&#8221;true&#8221; link=&#8221;url:https%3A%2F%2Fgoo.gl%2Fmaps%2FhdyJtsAX7hMuCui19|target:_blank&#8221;][\/vc_column_inner][vc_column_inner width=&#8221;1\/2&#8243;][vc_gmaps link=&#8221;#E-8_JTNDaWZyYW1lJTIwc3JjJTNEJTIyaHR0cHMlM0ElMkYlMkZ3d3cuZ29vZ2xlLmNvbSUyRm1hcHMlMkZlbWJlZCUzRnBiJTNEJTIxMW0xNCUyMTFtOCUyMTFtMyUyMTFkMzk4Ni4xNjc3MDAyODg0NjM1JTIxMmQtNzYuNTkyMzM5MiUyMTNkMi40NTExOTMlMjEzbTIlMjExaTEwMjQlMjEyaTc2OCUyMTRmMTMuMSUyMTNtMyUyMTFtMiUyMTFzMHg4ZTMwMDNhMWUzOTAwOTY1JTI1M0EweGFkNWUwZTE1ZGU0YjliNzklMjEyc1NlY3JldGFyJTI1QzMlMjVBRGElMjUyMGRlJTI1MjBUciUyNUMzJTI1QTFuc2l0byUyNTIweSUyNTIwVHJhbnNwb3J0ZSUyNTIwZGUlMjUyMFBvcGF5JTI1QzMlMjVBMW4lMjE1ZTAlMjEzbTIlMjExc2VzJTIxMnNjbyUyMTR2MTcwMzY4OTk0OTA1NSUyMTVtMiUyMTFzZXMlMjEyc2NvJTIyJTIwd2lkdGglM0QlMjI2MDAlMjIlMjBoZWlnaHQlM0QlMjIyNTAlMjIlMjBzdHlsZSUzRCUyMmJvcmRlciUzQTAlM0IlMjIlMjBhbGxvd2Z1bGxzY3JlZW4lM0QlMjIlMjIlMjBsb2FkaW5nJTNEJTIybGF6eSUyMiUyMHJlZmVycmVycG9saWN5JTNEJTIybm8tcmVmZXJyZXItd2hlbi1kb3duZ3JhZGUlMjIlM0UlM0MlMkZpZnJhbWUlM0U=&#8221;][\/vc_column_inner][\/vc_row_inner][\/vc_tta_section][vc_tta_section title=&#8221;Centro de Diagn\u00f3stico Automotor de Popay\u00e1n&#8221; tab_id=&#8221;1697746770710-b04c939d-97b7&#8243;][vc_empty_space height=&#8221;15px&#8221;][vc_row_inner][vc_column_inner width=&#8221;1\/2&#8243;][vc_column_text]<\/p>\n<div class=\"description\">\n<div class=\"wpb_text_column wpb_content_element \">\n<div class=\"wpb_wrapper\">\n<div>\n<h3><i class=\"fa fa-map-marker\" title=\"Copy to use map-marker\" aria-hidden=\"true\"><\/i>\u00a0Centro de Diagn\u00f3stico Automotor de Popay\u00e1n<\/h3>\n<div class=\"description\"><strong>Direcci\u00f3n<\/strong><\/div>\n<div class=\"description\">V\u00eda al Huila, contiguo a los Talleres Municipales.<\/div>\n<div><\/div>\n<\/div>\n<div class=\"description\">\n<div class=\"wpb_text_column wpb_content_element \">\n<div class=\"wpb_wrapper\">\n<div class=\"description\"><strong>Horarios<\/strong><\/div>\n<div class=\"description\">Lunes a viernes de 8:00 a. m a 12:00 m.<\/div>\n<div class=\"description\">2:00 p. m. a 6:00 p. m.<\/div>\n<div>\n<div>S\u00e1bados de 8:00 a. m a 3:00 p. m.<\/div>\n<\/div>\n<\/div>\n<\/div>\n<\/div>\n<\/div>\n<\/div>\n<\/div>\n<p>[\/vc_column_text][vc_btn title=&#8221;\u00bfC\u00f3mo llegar?&#8221; style=&#8221;outline-custom&#8221; outline_custom_color=&#8221;#20609b&#8221; outline_custom_hover_background=&#8221;#20609b&#8221; outline_custom_hover_text=&#8221;#ffffff&#8221; size=&#8221;sm&#8221; align=&#8221;left&#8221; i_icon_fontawesome=&#8221;fas fa-map-marked-alt&#8221; add_icon=&#8221;true&#8221; link=&#8221;url:https%3A%2F%2Fmaps.app.goo.gl%2FSgUR5Ap5JCDY9vDH7|target:_blank&#8221;][\/vc_column_inner][vc_column_inner width=&#8221;1\/2&#8243;][vc_gmaps link=&#8221;#E-8_JTNDaWZyYW1lJTIwc3JjJTNEJTIyaHR0cHMlM0ElMkYlMkZ3d3cuZ29vZ2xlLmNvbSUyRm1hcHMlMkZlbWJlZCUzRnBiJTNEJTIxMW0xNCUyMTFtOCUyMTFtMyUyMTFkMTU5NDQuNjczOTIyMTMzNjk0JTIxMmQtNzYuNTkwMTg4JTIxM2QyLjQ1MDkzMSUyMTNtMiUyMTFpMTAyNCUyMTJpNzY4JTIxNGYxMy4xJTIxM20zJTIxMW0yJTIxMXMweDhlMzAwM2ExZTM3Y2Q0YTMlMjUzQTB4OTM4NDExZWZkYzc5MTM5NSUyMTJzQ2VudHJvJTI1MjBkZSUyNTIwRGlhZ24lMjVDMyUyNUIzc3RpY28lMjUyMEF1dG9tb3RvciUyNTIwQ0RBJTI1MjAtUE9QQVlBTiUyMTVlMCUyMTNtMiUyMTFzZXMlMjEyc3VzJTIxNHYxNzAzNjkwMjEzMjAyJTIxNW0yJTIxMXNlcyUyMTJzdXMlMjIlMjB3aWR0aCUzRCUyMjYwMCUyMiUyMGhlaWdodCUzRCUyMjI1MCUyMiUyMHN0eWxlJTNEJTIyYm9yZGVyJTNBMCUzQiUyMiUyMGFsbG93ZnVsbHNjcmVlbiUzRCUyMiUyMiUyMGxvYWRpbmclM0QlMjJsYXp5JTIyJTIwcmVmZXJyZXJwb2xpY3klM0QlMjJuby1yZWZlcnJlci13aGVuLWRvd25ncmFkZSUyMiUzRSUzQyUyRmlmcmFtZSUzRQ==&#8221;][\/vc_column_inner][\/vc_row_inner][\/vc_tta_section][vc_tta_section title=&#8221;Fundaci\u00f3n Emtel&#8221; tab_id=&#8221;1697747270767-975d12d8-22c7&#8243;][vc_empty_space height=&#8221;15px&#8221;][vc_row_inner][vc_column_inner width=&#8221;1\/2&#8243;][vc_column_text]<\/p>\n<div class=\"description\">\n<div class=\"wpb_text_column wpb_content_element \">\n<div class=\"wpb_wrapper\">\n<div>\n<h3><i class=\"fa fa-map-marker\" title=\"Copy to use map-marker\" aria-hidden=\"true\"><\/i>\u00a0Fundaci\u00f3n Emtel<\/h3>\n<p><strong>Direcci\u00f3n<\/strong><\/p>\n<\/div>\n<\/div>\n<\/div>\n<\/div>\n<div>\n<div class=\"description\">Calle 5 #5-68 B, Centro, Popay\u00e1n, Cauca<\/div>\n<div><\/div>\n<div><\/div>\n<\/div>\n<div class=\"description\">\n<div class=\"wpb_text_column wpb_content_element \">\n<div class=\"wpb_wrapper\">\n<div class=\"description\"><strong>Horarios<\/strong><\/div>\n<div class=\"description\">Lunes a viernes de 8:00 a. m a 12:00 m.<\/div>\n<div class=\"description\">2:00 p. m. a 6:00 p. m.<\/div>\n<div>\n<div>S\u00e1bados de 8:00 a. m a 6:00 p. m.<\/div>\n<\/div>\n<\/div>\n<\/div>\n<\/div>\n<p>[\/vc_column_text][vc_btn title=&#8221;\u00bfC\u00f3mo llegar?&#8221; style=&#8221;outline-custom&#8221; outline_custom_color=&#8221;#20609b&#8221; outline_custom_hover_background=&#8221;#20609b&#8221; outline_custom_hover_text=&#8221;#ffffff&#8221; size=&#8221;sm&#8221; align=&#8221;left&#8221; i_icon_fontawesome=&#8221;fas fa-map-marked-alt&#8221; add_icon=&#8221;true&#8221; link=&#8221;url:https%3A%2F%2Fgoo.gl%2Fmaps%2FDM7mPJjr2vd83fAs9|target:_blank&#8221;][\/vc_column_inner][vc_column_inner width=&#8221;1\/2&#8243;][vc_gmaps link=&#8221;#E-8_JTNDaWZyYW1lJTIwc3JjJTNEJTIyaHR0cHMlM0ElMkYlMkZ3d3cuZ29vZ2xlLmNvbSUyRm1hcHMlMkZlbWJlZCUzRnBiJTNEJTIxMW0xNCUyMTFtOCUyMTFtMyUyMTFkNzk3Mi4zOTI2MzcyOTMyMDYlMjEyZC03Ni42MTUxOTc1JTIxM2QyLjQ0MTU2NDglMjEzbTIlMjExaTEwMjQlMjEyaTc2OCUyMTRmMTMuMSUyMTNtMyUyMTFtMiUyMTFzMHg4ZTMwMDMwNTYxMzMyZTYxJTI1M0EweDM5MTc0YThjNDZmYzM1OGElMjEyc0VtcHJlc2ElMjUyMGRlJTI1MjBUZWxlY29tdW5pY2FjaW9uZXMlMjUyMGRlJTI1MjBQb3BheSUyNUMzJTI1QTFuJTI1MkMlMjUyMEVNVEVMJTI1MjBTQSUyNTIwRVNQJTIxNWUwJTIxM20yJTIxMXNlcyUyMTJzY28lMjE0djE3MDM2OTAzMDEzMzclMjE1bTIlMjExc2VzJTIxMnNjbyUyMiUyMHdpZHRoJTNEJTIyNjAwJTIyJTIwaGVpZ2h0JTNEJTIyMjUwJTIyJTIwc3R5bGUlM0QlMjJib3JkZXIlM0EwJTNCJTIyJTIwYWxsb3dmdWxsc2NyZWVuJTNEJTIyJTIyJTIwbG9hZGluZyUzRCUyMmxhenklMjIlMjByZWZlcnJlcnBvbGljeSUzRCUyMm5vLXJlZmVycmVyLXdoZW4tZG93bmdyYWRlJTIyJTNFJTNDJTJGaWZyYW1lJTNF&#8221;][\/vc_column_inner][\/vc_row_inner][\/vc_tta_section][\/vc_tta_tabs][vc_empty_space height=&#8221;20px&#8221;][\/vc_column][\/vc_row][vc_row disable_element=&#8221;yes&#8221;][vc_column width=&#8221;1\/3&#8243;]<div class=\"ult-content-box-container \" >\t\t<div class=\"ult-content-box\" style=\"background-color:#ffffff;box-shadow: -4px 3px 10px 5px rgba(216,216,216,0.41) ;border-style:solid;border-width:1px;border-radius:3px;border-color:#ededed;padding-top:30px;padding-right:20px;padding-bottom:0px;padding-left:20px;-webkit-transition: all 700ms ease;-moz-transition: all 700ms ease;-ms-transition: all 700ms ease;-o-transition: all 700ms ease;transition: all 700ms ease;\"  data-hover_box_shadow=\" -4px 3px 10px 5px rgba(216,216,216,0.41) \"  data-hover_border_color=\"#20609b\"     data-bg=\"#ffffff\"  data-border_color=\"#ededed\" >[vc_column_text]<\/p>\n<div class=\"description\">\n<div class=\"wpb_text_column wpb_content_element \">\n<div class=\"wpb_wrapper\">\n<div>\n<h3><i class=\"fa fa-map-marker\" title=\"Copy to use map-marker\" aria-hidden=\"true\"><\/i>\u00a0Secretar\u00eda de Tr\u00e1nsito y Transporte Popay\u00e1n<\/h3>\n<div class=\"description\"><strong>Direcci\u00f3n<\/strong><\/div>\n<div class=\"description\">Carrera 2 C No. 25 Norte. Salida al Huila, V\u00eda Pomona<\/div>\n<div><\/div>\n<\/div>\n<div class=\"description\">\n<div class=\"wpb_text_column wpb_content_element \">\n<div class=\"wpb_wrapper\">\n<div class=\"description\"><strong>Horarios<\/strong><\/div>\n<div class=\"description\">Lunes a Jueves de 8:00 a. m a 5:00 p. m.<\/div>\n<div class=\"description\">Viernes de 8:00 a. m a 4:00 p. m.<\/div>\n<div>S\u00e1bados de 8:00 a. m a 11:00 a. m.<\/div>\n<\/div>\n<\/div>\n<\/div>\n<\/div>\n<\/div>\n<\/div>\n<p>[\/vc_column_text][vc_btn title=&#8221;\u00bfC\u00f3mo llegar?&#8221; style=&#8221;outline-custom&#8221; outline_custom_color=&#8221;#20609b&#8221; outline_custom_hover_background=&#8221;#20609b&#8221; outline_custom_hover_text=&#8221;#ffffff&#8221; size=&#8221;sm&#8221; align=&#8221;left&#8221; i_icon_fontawesome=&#8221;fas fa-map-marked-alt&#8221; add_icon=&#8221;true&#8221; link=&#8221;url:https%3A%2F%2Fgoo.gl%2Fmaps%2FhdyJtsAX7hMuCui19|target:_blank&#8221;][vc_empty_space height=&#8221;24px&#8221;]\t\t<\/div><\/div>[\/vc_column][vc_column width=&#8221;1\/3&#8243;]<div class=\"ult-content-box-container \" >\t\t<div class=\"ult-content-box\" style=\"background-color:#ffffff;box-shadow: -4px 3px 10px 5px rgba(216,216,216,0.41) ;border-style:solid;border-width:1px;border-radius:3px;border-color:#ededed;padding-top:30px;padding-right:20px;padding-bottom:0px;padding-left:20px;-webkit-transition: all 700ms ease;-moz-transition: all 700ms ease;-ms-transition: all 700ms ease;-o-transition: all 700ms ease;transition: all 700ms ease;\"  data-hover_box_shadow=\" -4px 3px 10px 5px rgba(216,216,216,0.41) \"  data-hover_border_color=\"#20609b\"     data-bg=\"#ffffff\"  data-border_color=\"#ededed\" >[vc_column_text]<\/p>\n<div class=\"description\">\n<div class=\"wpb_text_column wpb_content_element \">\n<div class=\"wpb_wrapper\">\n<div>\n<h3><i class=\"fa fa-map-marker\" title=\"Copy to use map-marker\" aria-hidden=\"true\"><\/i>\u00a0Centro de Diagn\u00f3stico Automotor de Popay\u00e1n<\/h3>\n<div class=\"description\"><strong>Direcci\u00f3n<\/strong><\/div>\n<div class=\"description\">V\u00eda al Huila, contiguo a los Talleres Municipales.<\/div>\n<div><\/div>\n<\/div>\n<div class=\"description\">\n<div class=\"wpb_text_column wpb_content_element \">\n<div class=\"wpb_wrapper\">\n<div class=\"description\"><strong>Horarios<\/strong><\/div>\n<div class=\"description\">Lunes a viernes de 8:00 a. m a 12:00 m.<\/div>\n<div class=\"description\">2:00 p. m. a 6:00 p. m.<\/div>\n<div>\n<div>S\u00e1bados de 8:00 a. m a 3:00 p. m.<\/div>\n<\/div>\n<\/div>\n<\/div>\n<\/div>\n<\/div>\n<\/div>\n<\/div>\n<p>[\/vc_column_text][vc_btn title=&#8221;\u00bfC\u00f3mo llegar?&#8221; style=&#8221;outline-custom&#8221; outline_custom_color=&#8221;#20609b&#8221; outline_custom_hover_background=&#8221;#20609b&#8221; outline_custom_hover_text=&#8221;#ffffff&#8221; size=&#8221;sm&#8221; align=&#8221;left&#8221; i_icon_fontawesome=&#8221;fas fa-map-marked-alt&#8221; add_icon=&#8221;true&#8221; link=&#8221;url:%23|target:_blank&#8221;][vc_empty_space height=&#8221;24px&#8221;]\t\t<\/div><\/div>[\/vc_column][vc_column width=&#8221;1\/3&#8243;]<div class=\"ult-content-box-container \" >\t\t<div class=\"ult-content-box\" style=\"background-color:#ffffff;box-shadow: -4px 3px 10px 5px rgba(216,216,216,0.41) ;border-style:solid;border-width:1px;border-radius:3px;border-color:#ededed;padding-top:30px;padding-right:20px;padding-bottom:0px;padding-left:20px;-webkit-transition: all 700ms ease;-moz-transition: all 700ms ease;-ms-transition: all 700ms ease;-o-transition: all 700ms ease;transition: all 700ms ease;\"  data-hover_box_shadow=\" -4px 3px 10px 5px rgba(216,216,216,0.41) \"  data-hover_border_color=\"#20609b\"     data-bg=\"#ffffff\"  data-border_color=\"#ededed\" >[vc_column_text]<\/p>\n<div class=\"description\">\n<div class=\"wpb_text_column wpb_content_element \">\n<div class=\"wpb_wrapper\">\n<div>\n<h3><i class=\"fa fa-map-marker\" title=\"Copy to use map-marker\" aria-hidden=\"true\"><\/i>\u00a0Fundaci\u00f3n Emtel<\/h3>\n<p><strong>Direcci\u00f3n<\/strong><\/p>\n<\/div>\n<\/div>\n<\/div>\n<\/div>\n<div>\n<div class=\"description\">Calle 5 #5-68 B, Centro, Popay\u00e1n, Cauca<\/div>\n<div><\/div>\n<\/div>\n<div class=\"description\">\n<div class=\"wpb_text_column wpb_content_element \">\n<div class=\"wpb_wrapper\">\n<div class=\"description\"><strong>Horarios<\/strong><\/div>\n<div class=\"description\">Lunes a viernes de 8:00 a. m a 12:00 m.<\/div>\n<div class=\"description\">2:00 p. m. a 6:00 p. m.<\/div>\n<div>\n<div>S\u00e1bados de 8:00 a. m a 6:00 p. m.<\/div>\n<\/div>\n<\/div>\n<\/div>\n<\/div>\n<p>[\/vc_column_text][vc_btn title=&#8221;\u00bfC\u00f3mo llegar?&#8221; style=&#8221;outline-custom&#8221; outline_custom_color=&#8221;#20609b&#8221; outline_custom_hover_background=&#8221;#20609b&#8221; outline_custom_hover_text=&#8221;#ffffff&#8221; size=&#8221;sm&#8221; align=&#8221;left&#8221; i_icon_fontawesome=&#8221;fas fa-map-marked-alt&#8221; add_icon=&#8221;true&#8221; link=&#8221;url:https%3A%2F%2Fgoo.gl%2Fmaps%2FDM7mPJjr2vd83fAs9|target:_blank&#8221;][vc_empty_space height=&#8221;24px&#8221;]\t\t<\/div><\/div>[\/vc_column][\/vc_row]<\/p>\n","protected":false},"excerpt":{"rendered":"<p>[vc_row full_width=&#8221;stretch_row_content_no_spaces&#8221; bg_type=&#8221;image&#8221; parallax_style=&#8221;vcpb-default&#8221; bg_image_new=&#8221;id^2443|url^https:\/\/www.transitopopayan.com.co\/contenidos\/wp-content\/uploads\/2023\/07\/sedes-horarios.png|caption^null|alt^null|title^sedes-horarios|description^null&#8221; bg_image_repeat=&#8221;no-repeat&#8221; canvas=&#8221;%5B%7B%22element%22%3A%22image%22%2C%22shape%22%3A%22shape-1%22%2C%22image_effect%22%3A%22style-1%22%2C%22smoothness%22%3A%2230%22%7D%5D&#8221; css=&#8221;.vc_custom_1690577559027{margin-bottom: 0px !important;padding-top: 100px !important;padding-bottom: 100px !important;background-image: url(https:\/\/www.transitopopayan.com.co\/contenidos\/wp-content\/uploads\/2023\/07\/sedes-horarios.png?id=2443) !important;background-position: center !important;background-repeat: no-repeat !important;background-size: contain !important;}&#8221;][vc_column][vc_row_inner][vc_column_inner width=&#8221;1\/6&#8243;][\/vc_column_inner][vc_column_inner width=&#8221;2\/3&#8243;][vc_custom_heading text=&#8221;Sedes y horarios de atenci\u00f3n&#8221; font_container=&#8221;tag:h1|font_size:60px|text_align:center|color:%23ffffff|line_height:64px&#8221; use_theme_fonts=&#8221;yes&#8221;][vc_custom_heading text=&#8221;Estamos disponibles para brindarte el mejor servicio y ayudarte a solucionar todas tus inquietudes.&#8221; font_container=&#8221;tag:div|font_size:24px|text_align:center|color:%23ffffff|line_height:28px&#8221; use_theme_fonts=&#8221;yes&#8221;][\/vc_column_inner][vc_column_inner width=&#8221;1\/6&#8243;][\/vc_column_inner][\/vc_row_inner][\/vc_column][\/vc_row][vc_row full_width=&#8221;stretch_row&#8221;][vc_column][vc_tta_tabs section_title_tag=&#8221;h3&#8243; spacing=&#8221;3&#8243; gap=&#8221;1&#8243; active_section=&#8221;1&#8243;][vc_tta_section title=&#8221;Secr. de [&hellip;]<\/p>\n","protected":false},"author":1,"featured_media":0,"parent":0,"menu_order":0,"comment_status":"closed","ping_status":"closed","template":"","meta":{"footnotes":""},"_links":{"self":[{"href":"https:\/\/www.transitopopayan.com.co\/contenidos\/wp-json\/wp\/v2\/pages\/2412"}],"collection":[{"href":"https:\/\/www.transitopopayan.com.co\/contenidos\/wp-json\/wp\/v2\/pages"}],"about":[{"href":"https:\/\/www.transitopopayan.com.co\/contenidos\/wp-json\/wp\/v2\/types\/page"}],"author":[{"embeddable":true,"href":"https:\/\/www.transitopopayan.com.co\/contenidos\/wp-json\/wp\/v2\/users\/1"}],"replies":[{"embeddable":true,"href":"https:\/\/www.transitopopayan.com.co\/contenidos\/wp-json\/wp\/v2\/comments?post=2412"}],"version-history":[{"count":39,"href":"https:\/\/www.transitopopayan.com.co\/contenidos\/wp-json\/wp\/v2\/pages\/2412\/revisions"}],"predecessor-version":[{"id":2575,"href":"https:\/\/www.transitopopayan.com.co\/contenidos\/wp-json\/wp\/v2\/pages\/2412\/revisions\/2575"}],"wp:attachment":[{"href":"https:\/\/www.transitopopayan.com.co\/contenidos\/wp-json\/wp\/v2\/media?parent=2412"}],"curies":[{"name":"wp","href":"https:\/\/api.w.org\/{rel}","templated":true}]}}