{"id":1897,"date":"2022-02-25T07:14:14","date_gmt":"2022-02-25T12:14:14","guid":{"rendered":"https:\/\/www.transitopopayan.com.co\/contenidos\/?page_id=1897"},"modified":"2022-02-25T07:41:19","modified_gmt":"2022-02-25T12:41:19","slug":"video-tutoriales","status":"publish","type":"page","link":"https:\/\/www.transitopopayan.com.co\/contenidos\/video-tutoriales\/","title":{"rendered":"Video tutoriales"},"content":{"rendered":"<p>[vc_row bg_type=&#8221;bg_color&#8221; bg_override=&#8221;full&#8221; css=&#8221;.vc_custom_1519230229731{margin-top: 0px !important;margin-bottom: 0px !important;padding-top: 0px !important;padding-bottom: 20px !important;}&#8221;][vc_column][vc_custom_heading text=&#8221;Video tutoriales&#8221; font_container=&#8221;tag:h1|text_align:center&#8221; use_theme_fonts=&#8221;yes&#8221;][vc_column_text]<\/p>\n<p style=\"text-align: center;\">I am text block. Click edit button to change this text. Lorem ipsum dolor sit amet, consectetur adipiscing elit. Ut elit tellus, luctus nec ullamcorper mattis, pulvinar dapibus leo.<\/p>\n<p>[\/vc_column_text][\/vc_column][\/vc_row][vc_row][vc_column width=&#8221;2\/3&#8243;][vc_video][\/vc_column][vc_column width=&#8221;1\/3&#8243;]<div class=\"ult-content-box-container \" >\t\t<div class=\"ult-content-box\" style=\"background-color:#ffffff;box-shadow: -4px 3px 10px 5px rgba(216,216,216,0.41) ;border-style:solid;border-radius:5px;border-color:#ffffff;padding-top:30px;padding-right:20px;padding-bottom:10px;padding-left:20px;-webkit-transition: all 700ms ease;-moz-transition: all 700ms ease;-ms-transition: all 700ms ease;-o-transition: all 700ms ease;transition: all 700ms ease;\"  data-hover_bg_color=\"#ffffff\"  data-hover_box_shadow=\"none\"  data-hover_border_color=\"#ffffff\"     data-bg=\"#ffffff\"  data-border_color=\"#ffffff\" >[vc_empty_space height=&#8221;10px&#8221;][vc_custom_heading text=&#8221;Creaci\u00f3n usuario&#8221; font_container=&#8221;tag:h3|text_align:left&#8221; use_theme_fonts=&#8221;yes&#8221;][vc_column_text]<\/p>\n<ol>\n<li>Ingresa a\u00a0<a href=\"https:\/\/transitopopayan.com.co\/portal-servicios\/#\/public\">www.transitopopayan.com.co<\/a><\/li>\n<li>Haz clic en\u00a0Reg\u00edstrate, digita tu n\u00famero de documento, correo electr\u00f3nico y una contrase\u00f1a segura y acepta los t\u00e9rminos y condiciones<\/li>\n<li>En tu correo electr\u00f3nico encontrar\u00e1s un link para completar tu registro<\/li>\n<li>Dir\u00edgete al link y completa tus datos de contacto y ubicaci\u00f3n<\/li>\n<li>Haz clic en Guardar y \u00a1estar\u00e1s registrado!<\/li>\n<\/ol>\n<p>[\/vc_column_text]\t\t<\/div><\/div>[vc_empty_space height=&#8221;36px&#8221;][vc_btn title=&#8221;\u00a1Reg\u00edstrate aqu\u00ed!&#8221; style=&#8221;custom&#8221; custom_background=&#8221;#eba900&#8243; custom_text=&#8221;#ffffff&#8221; size=&#8221;sm&#8221; align=&#8221;center&#8221; button_block=&#8221;true&#8221; link=&#8221;url:https%3A%2F%2Ftransitopopayan.com.co%2Fportal-servicios%2F%23%2Fpublic|title:%C2%A1Reg%C3%ADstrate%20aqu%C3%AD!&#8221;][\/vc_column][\/vc_row][vc_row][vc_column width=&#8221;1\/3&#8243;]<div class=\"ult-content-box-container \" >\t\t<div class=\"ult-content-box\" style=\"background-color:#ffffff;box-shadow: -4px 3px 10px 5px rgba(216,216,216,0.41) ;border-style:solid;border-radius:5px;border-color:#ffffff;padding-top:30px;padding-right:20px;padding-bottom:10px;padding-left:20px;-webkit-transition: all 700ms ease;-moz-transition: all 700ms ease;-ms-transition: all 700ms ease;-o-transition: all 700ms ease;transition: all 700ms ease;\"  data-hover_bg_color=\"#ffffff\"  data-hover_box_shadow=\"none\"  data-hover_border_color=\"#ffffff\"     data-bg=\"#ffffff\"  data-border_color=\"#ffffff\" >[vc_video][vc_empty_space height=&#8221;20px&#8221;][vc_custom_heading text=&#8221;Creaci\u00f3n usuario&#8221; font_container=&#8221;tag:h3|text_align:left&#8221; use_theme_fonts=&#8221;yes&#8221;][vc_column_text]<\/p>\n<ol>\n<li>Ingresa a\u00a0<a href=\"https:\/\/transitopopayan.com.co\/portal-servicios\/#\/public\">www.transitopopayan.com.co<\/a><\/li>\n<li>Haz clic en\u00a0Reg\u00edstrate, digita tu n\u00famero de documento, correo electr\u00f3nico y una contrase\u00f1a segura y acepta los t\u00e9rminos y condiciones<\/li>\n<li>En tu correo electr\u00f3nico encontrar\u00e1s un link para completar tu registro<\/li>\n<li>Dir\u00edgete al link y completa tus datos de contacto y ubicaci\u00f3n<\/li>\n<li>Haz clic en Guardar y \u00a1estar\u00e1s registrado!<\/li>\n<\/ol>\n<p>[\/vc_column_text]\t\t<\/div><\/div>[vc_empty_space][vc_btn title=&#8221;\u00a1Reg\u00edstrate aqu\u00ed!&#8221; style=&#8221;custom&#8221; custom_background=&#8221;#eba900&#8243; custom_text=&#8221;#ffffff&#8221; size=&#8221;sm&#8221; align=&#8221;center&#8221; button_block=&#8221;true&#8221; link=&#8221;url:https%3A%2F%2Ftransitopopayan.com.co%2Fportal-servicios%2F%23%2Fpublic|title:%C2%A1Reg%C3%ADstrate%20aqu%C3%AD!&#8221;][\/vc_column][vc_column width=&#8221;1\/3&#8243;]<div class=\"ult-content-box-container \" >\t\t<div class=\"ult-content-box\" style=\"background-color:#ffffff;box-shadow: -4px 3px 10px 5px rgba(216,216,216,0.41) ;border-style:solid;border-radius:5px;border-color:#ffffff;padding-top:30px;padding-right:20px;padding-bottom:10px;padding-left:20px;-webkit-transition: all 700ms ease;-moz-transition: all 700ms ease;-ms-transition: all 700ms ease;-o-transition: all 700ms ease;transition: all 700ms ease;\"  data-hover_bg_color=\"#ffffff\"  data-hover_box_shadow=\"none\"  data-hover_border_color=\"#ffffff\"     data-bg=\"#ffffff\"  data-border_color=\"#ffffff\" >[vc_video][vc_empty_space height=&#8221;20px&#8221;][vc_custom_heading text=&#8221;Creaci\u00f3n usuario&#8221; font_container=&#8221;tag:h3|text_align:left&#8221; use_theme_fonts=&#8221;yes&#8221;][vc_column_text]<\/p>\n<ol>\n<li>Ingresa a\u00a0<a href=\"https:\/\/transitopopayan.com.co\/portal-servicios\/#\/public\">www.transitopopayan.com.co<\/a><\/li>\n<li>Haz clic en\u00a0Reg\u00edstrate, digita tu n\u00famero de documento, correo electr\u00f3nico y una contrase\u00f1a segura y acepta los t\u00e9rminos y condiciones<\/li>\n<li>En tu correo electr\u00f3nico encontrar\u00e1s un link para completar tu registro<\/li>\n<li>Dir\u00edgete al link y completa tus datos de contacto y ubicaci\u00f3n<\/li>\n<li>Haz clic en Guardar y \u00a1estar\u00e1s registrado!<\/li>\n<\/ol>\n<p>[\/vc_column_text]\t\t<\/div><\/div>[vc_empty_space][vc_btn title=&#8221;\u00a1Reg\u00edstrate aqu\u00ed!&#8221; style=&#8221;custom&#8221; custom_background=&#8221;#eba900&#8243; custom_text=&#8221;#ffffff&#8221; size=&#8221;sm&#8221; align=&#8221;center&#8221; button_block=&#8221;true&#8221; link=&#8221;url:https%3A%2F%2Ftransitopopayan.com.co%2Fportal-servicios%2F%23%2Fpublic|title:%C2%A1Reg%C3%ADstrate%20aqu%C3%AD!&#8221;][\/vc_column][vc_column width=&#8221;1\/3&#8243;]<div class=\"ult-content-box-container \" >\t\t<div class=\"ult-content-box\" style=\"background-color:#ffffff;box-shadow: -4px 3px 10px 5px rgba(216,216,216,0.41) ;border-style:solid;border-radius:5px;border-color:#ffffff;padding-top:30px;padding-right:20px;padding-bottom:10px;padding-left:20px;-webkit-transition: all 700ms ease;-moz-transition: all 700ms ease;-ms-transition: all 700ms ease;-o-transition: all 700ms ease;transition: all 700ms ease;\"  data-hover_bg_color=\"#ffffff\"  data-hover_box_shadow=\"none\"  data-hover_border_color=\"#ffffff\"     data-bg=\"#ffffff\"  data-border_color=\"#ffffff\" >[vc_video][vc_empty_space height=&#8221;20px&#8221;][vc_custom_heading text=&#8221;Creaci\u00f3n usuario&#8221; font_container=&#8221;tag:h3|text_align:left&#8221; use_theme_fonts=&#8221;yes&#8221;][vc_column_text]<\/p>\n<ol>\n<li>Ingresa a\u00a0<a href=\"https:\/\/transitopopayan.com.co\/portal-servicios\/#\/public\">www.transitopopayan.com.co<\/a><\/li>\n<li>Haz clic en\u00a0Reg\u00edstrate, digita tu n\u00famero de documento, correo electr\u00f3nico y una contrase\u00f1a segura y acepta los t\u00e9rminos y condiciones<\/li>\n<li>En tu correo electr\u00f3nico encontrar\u00e1s un link para completar tu registro<\/li>\n<li>Dir\u00edgete al link y completa tus datos de contacto y ubicaci\u00f3n<\/li>\n<li>Haz clic en Guardar y \u00a1estar\u00e1s registrado!<\/li>\n<\/ol>\n<p>[\/vc_column_text]\t\t<\/div><\/div>[vc_empty_space][vc_btn title=&#8221;\u00a1Reg\u00edstrate aqu\u00ed!&#8221; style=&#8221;custom&#8221; custom_background=&#8221;#eba900&#8243; custom_text=&#8221;#ffffff&#8221; size=&#8221;sm&#8221; align=&#8221;center&#8221; button_block=&#8221;true&#8221; link=&#8221;url:https%3A%2F%2Ftransitopopayan.com.co%2Fportal-servicios%2F%23%2Fpublic|title:%C2%A1Reg%C3%ADstrate%20aqu%C3%AD!&#8221;][\/vc_column][\/vc_row]<\/p>\n","protected":false},"excerpt":{"rendered":"<p>[vc_row bg_type=&#8221;bg_color&#8221; bg_override=&#8221;full&#8221; css=&#8221;.vc_custom_1519230229731{margin-top: 0px !important;margin-bottom: 0px !important;padding-top: 0px !important;padding-bottom: 20px !important;}&#8221;][vc_column][vc_custom_heading text=&#8221;Video tutoriales&#8221; font_container=&#8221;tag:h1|text_align:center&#8221; use_theme_fonts=&#8221;yes&#8221;][vc_column_text] I am text block. Click edit button to change this text. Lorem ipsum dolor sit amet, consectetur adipiscing elit. Ut elit tellus, luctus nec ullamcorper mattis, pulvinar dapibus leo. [\/vc_column_text][\/vc_column][\/vc_row][vc_row][vc_column width=&#8221;2\/3&#8243;][vc_video][\/vc_column][vc_column width=&#8221;1\/3&#8243;][vc_empty_space height=&#8221;36px&#8221;][vc_btn title=&#8221;\u00a1Reg\u00edstrate aqu\u00ed!&#8221; style=&#8221;custom&#8221; custom_background=&#8221;#eba900&#8243; custom_text=&#8221;#ffffff&#8221; size=&#8221;sm&#8221; [&hellip;]<\/p>\n","protected":false},"author":1,"featured_media":0,"parent":0,"menu_order":0,"comment_status":"closed","ping_status":"closed","template":"","meta":{"footnotes":""},"_links":{"self":[{"href":"https:\/\/www.transitopopayan.com.co\/contenidos\/wp-json\/wp\/v2\/pages\/1897"}],"collection":[{"href":"https:\/\/www.transitopopayan.com.co\/contenidos\/wp-json\/wp\/v2\/pages"}],"about":[{"href":"https:\/\/www.transitopopayan.com.co\/contenidos\/wp-json\/wp\/v2\/types\/page"}],"author":[{"embeddable":true,"href":"https:\/\/www.transitopopayan.com.co\/contenidos\/wp-json\/wp\/v2\/users\/1"}],"replies":[{"embeddable":true,"href":"https:\/\/www.transitopopayan.com.co\/contenidos\/wp-json\/wp\/v2\/comments?post=1897"}],"version-history":[{"count":23,"href":"https:\/\/www.transitopopayan.com.co\/contenidos\/wp-json\/wp\/v2\/pages\/1897\/revisions"}],"predecessor-version":[{"id":1924,"href":"https:\/\/www.transitopopayan.com.co\/contenidos\/wp-json\/wp\/v2\/pages\/1897\/revisions\/1924"}],"wp:attachment":[{"href":"https:\/\/www.transitopopayan.com.co\/contenidos\/wp-json\/wp\/v2\/media?parent=1897"}],"curies":[{"name":"wp","href":"https:\/\/api.w.org\/{rel}","templated":true}]}}